{"id":1001,"date":"2022-07-25T12:38:40","date_gmt":"2022-07-25T12:38:40","guid":{"rendered":"https:\/\/matratzenaufmass.ch\/informativa-sulla-privacy\/"},"modified":"2022-08-30T06:37:05","modified_gmt":"2022-08-30T06:37:05","slug":"informativa-sulla-privacy","status":"publish","type":"page","link":"https:\/\/matratzenaufmass.ch\/it\/informativa-sulla-privacy\/","title":{"rendered":"Informativa sulla privacy"},"content":{"rendered":"<p>[et_pb_section fb_built=&#8221;1&#8243; _builder_version=&#8221;4.17.3&#8243; _module_preset=&#8221;default&#8221; background_color=&#8221;rgba(218,232,231,0.2)&#8221; custom_margin=&#8221;||||false|false&#8221; animation_style=&#8221;slide&#8221; animation_direction=&#8221;bottom&#8221; global_colors_info=&#8221;{}&#8221; theme_builder_area=&#8221;post_content&#8221;][et_pb_row use_custom_gutter=&#8221;on&#8221; gutter_width=&#8221;2&#8243; make_equal=&#8221;on&#8221; custom_padding_last_edited=&#8221;on|phone&#8221; _builder_version=&#8221;4.17.3&#8243; _module_preset=&#8221;default&#8221; width=&#8221;100%&#8221; width_tablet=&#8221;100%&#8221; width_phone=&#8221;80%&#8221; width_last_edited=&#8221;on|phone&#8221; max_width=&#8221;95%&#8221; custom_padding=&#8221;||||false|false&#8221; custom_padding_tablet=&#8221;||||false|false&#8221; custom_padding_phone=&#8221;0px||0px||false|false&#8221; global_colors_info=&#8221;{}&#8221; theme_builder_area=&#8221;post_content&#8221;][et_pb_column type=&#8221;4_4&#8243; _builder_version=&#8221;4.17.3&#8243; _module_preset=&#8221;default&#8221; global_colors_info=&#8221;{}&#8221; theme_builder_area=&#8221;post_content&#8221;][et_pb_text module_class=&#8221;hometitel&#8221; _builder_version=&#8221;4.17.6&#8243; _module_preset=&#8221;default&#8221; header_font=&#8221;Rubik|700|||||||&#8221; header_text_align=&#8221;center&#8221; header_font_size=&#8221;56px&#8221; hover_enabled=&#8221;0&#8243; header_text_align_tablet=&#8221;center&#8221; header_text_align_phone=&#8221;left&#8221; header_text_align_last_edited=&#8221;on|phone&#8221; header_font_size_tablet=&#8221;56px&#8221; header_font_size_phone=&#8221;33px&#8221; header_font_size_last_edited=&#8221;on|phone&#8221; global_colors_info=&#8221;{}&#8221; theme_builder_area=&#8221;post_content&#8221; sticky_enabled=&#8221;0&#8243;]<\/p>\n<h1><span style=\"color: #618589;\">Informativa sulla privacy<\/span><\/h1>\n<p>[\/et_pb_text][\/et_pb_column][\/et_pb_row][\/et_pb_section][et_pb_section fb_built=&#8221;1&#8243; _builder_version=&#8221;4.17.3&#8243; _module_preset=&#8221;default&#8221; background_color=&#8221;#FFFFFF&#8221; global_colors_info=&#8221;{}&#8221; theme_builder_area=&#8221;post_content&#8221;][et_pb_row use_custom_gutter=&#8221;on&#8221; gutter_width=&#8221;2&#8243; make_equal=&#8221;on&#8221; custom_padding_last_edited=&#8221;on|phone&#8221; _builder_version=&#8221;4.17.3&#8243; _module_preset=&#8221;default&#8221; width=&#8221;100%&#8221; width_tablet=&#8221;100%&#8221; width_phone=&#8221;80%&#8221; width_last_edited=&#8221;on|phone&#8221; max_width=&#8221;95%&#8221; custom_padding=&#8221;||||false|false&#8221; custom_padding_tablet=&#8221;||||false|false&#8221; custom_padding_phone=&#8221;0px||0px||false|false&#8221; global_colors_info=&#8221;{}&#8221; theme_builder_area=&#8221;post_content&#8221;][et_pb_column type=&#8221;4_4&#8243; _builder_version=&#8221;4.17.3&#8243; _module_preset=&#8221;default&#8221; global_colors_info=&#8221;{}&#8221; theme_builder_area=&#8221;post_content&#8221;][et_pb_text _builder_version=&#8221;4.17.6&#8243; _module_preset=&#8221;default&#8221; text_font=&#8221;Rubik|300|||||||&#8221; text_text_color=&#8221;#000000&#8243; link_font=&#8221;|700|||||||&#8221; link_text_color=&#8221;#000000&#8243; header_font=&#8221;Rubik|700|||||||&#8221; header_font_size=&#8221;56px&#8221; module_alignment=&#8221;left&#8221; hover_enabled=&#8221;0&#8243; global_colors_info=&#8221;{}&#8221; theme_builder_area=&#8221;post_content&#8221; sticky_enabled=&#8221;0&#8243;]Contatto<br \/>\nAuf-Mass GmbH<br \/>\nRoute sous le Clou 9<br \/>\n1788 Praz (Vully)<\/p>\n<p>Tel: <a href=\"tel:0266733763\">026 673 37 63<\/a><br \/>\nE-Mail: <a href=\"mailto:info@matratzenaufmass.ch\">info@matratzenaufmass.ch<\/a><\/p>\n<p>Il responsabile del trattamento decide da solo o insieme ad altri le finalit\u00e0 e i mezzi del trattamento dei dati personali (ad esempio, nomi, dati di contatto o simili).<\/p>\n<p>Revoca del consenso al trattamento dei dati<\/p>\n<p>Alcune operazioni di trattamento dei dati sono possibili solo con il vostro esplicito consenso. La revoca del consenso gi\u00e0 prestato \u00e8 possibile in qualsiasi momento. Per la revoca \u00e8 sufficiente una comunicazione informale via e-mail. La legalit\u00e0 del trattamento dei dati effettuato fino alla revoca rimane inalterata dalla revoca stessa.<\/p>\n<p>Diritto di presentare un reclamo all&#8217;autorit\u00e0 di vigilanza competente<\/p>\n<p>In qualit\u00e0 di interessati, avete il diritto di ricorrere all&#8217;autorit\u00e0 di controllo competente in caso di violazione della protezione dei dati. L&#8217;autorit\u00e0 di controllo competente in materia di protezione dei dati \u00e8 il Commissario di Stato per la protezione dei dati dello Stato federale in cui si trova la sede legale della nostra azienda. Il seguente link fornisce un elenco dei responsabili della protezione dei dati e i loro dati di contatto: https:\/\/www.bfdi.bund.de\/DE\/Infothek\/Anschriften_Links\/anschriften_links-node.html.<\/p>\n<p>Diritto alla portabilit\u00e0 dei dati<\/p>\n<p>Avete il diritto di farvi consegnare i dati che elaboriamo automaticamente sulla base del vostro consenso o in adempimento di un contratto, o di farli consegnare a terzi. La disposizione deve essere in un formato leggibile a macchina. Se richiedete il trasferimento diretto dei dati a un altro responsabile del trattamento, ci\u00f2 avverr\u00e0 solo nella misura in cui sia tecnicamente possibile.<\/p>\n<p>Diritto all&#8217;informazione, correzione, blocco, cancellazione<\/p>\n<p>Nell&#8217;ambito delle disposizioni di legge applicabili, avete il diritto di ottenere in qualsiasi momento informazioni gratuite sui vostri dati personali memorizzati, sull&#8217;origine dei dati, sui destinatari e sullo scopo del trattamento dei dati e, se del caso, il diritto alla correzione, al blocco o alla cancellazione di tali dati. A questo proposito e anche per ulteriori domande sul tema dei dati personali, potete contattarci in qualsiasi momento tramite le opzioni di contatto elencate nell&#8217;impronta.<\/p>\n<p>Crittografia SSL o TLS<\/p>\n<p>Per motivi di sicurezza e per proteggere la trasmissione di contenuti riservati che ci inviate in qualit\u00e0 di gestori del sito, il nostro sito web utilizza un protocollo SSL o SSL. Crittografia TLS. Ci\u00f2 significa che i dati trasmessi dall&#8217;utente tramite questo sito web non possono essere letti da terzi. Una connessione criptata si riconosce dalla riga dell&#8217;indirizzo &#8220;https:\/\/&#8221; del browser e dal simbolo del lucchetto nella riga del browser.<\/p>\n<p>File di log del server<\/p>\n<p>Nei file di log del server, il provider del sito web raccoglie e memorizza automaticamente le informazioni che il vostro browser ci trasmette automaticamente. Questi sono:<\/p>\n<p>Pagina visitata sul nostro dominio<br \/>\nData e ora della richiesta del server<br \/>\nTipo e versione del browser<br \/>\nSistema operativo utilizzato<br \/>\nReferrer URL<br \/>\nNome host del computer di accesso<br \/>\nIndirizzo IP<br \/>\nQuesti dati non vengono uniti ad altre fonti di dati. La base per il trattamento dei dati \u00e8 l&#8217;art. 6 par. 1 lit. b DSGVO, che consente il trattamento dei dati per l&#8217;esecuzione di un contratto o di misure precontrattuali.<\/p>\n<p>Modulo di contatto<\/p>\n<p>I dati trasmessi tramite il modulo di contatto, compresi i vostri dati di contatto, vengono memorizzati per poter elaborare la vostra richiesta o per essere disponibili per domande successive. Questi dati non saranno trasmessi senza il vostro consenso.<\/p>\n<p>I dati inseriti nel modulo di contatto vengono trattati esclusivamente sulla base del vostro consenso (art. 6 comma 1 lett. a DSGVO). La revoca del consenso gi\u00e0 prestato \u00e8 possibile in qualsiasi momento. Per la revoca \u00e8 sufficiente una comunicazione informale via e-mail. La liceit\u00e0 delle operazioni di trattamento dei dati effettuate fino alla revoca rimane inalterata dalla revoca stessa.<\/p>\n<p>I dati trasmessi tramite il modulo di contatto rimarranno presso di noi fino a quando l&#8217;utente non ne richieder\u00e0 la cancellazione, non revocher\u00e0 il consenso alla loro memorizzazione o non sar\u00e0 pi\u00f9 necessario memorizzarli. Le disposizioni di legge obbligatorie, in particolare i periodi di conservazione, rimangono inalterate.<\/p>\n<p>YouTube<\/p>\n<p>Per l&#8217;integrazione e la visualizzazione di contenuti video, il nostro sito web utilizza plugin di YouTube. Il fornitore del portale video \u00e8 YouTube, LLC, 901 Cherry Ave, San Bruno, CA 94066, USA.<\/p>\n<p>Quando si richiama una pagina con un plugin YouTube integrato, viene stabilita una connessione ai server di YouTube. Questo indica a YouTube quali pagine sono state visitate dall&#8217;utente.<\/p>\n<p>YouTube pu\u00f2 assegnare il vostro comportamento di navigazione direttamente al vostro profilo personale se siete connessi al vostro account YouTube. Se si effettua il logout in anticipo, si ha la possibilit\u00e0 di evitare che ci\u00f2 accada.<\/p>\n<p>YouTube viene utilizzato nell&#8217;interesse di una presentazione accattivante delle nostre offerte online. Ci\u00f2 costituisce un interesse legittimo ai sensi dell&#8217;art. 6 par. 1 lit. f DSGVO dar.<\/p>\n<p>I dettagli sul trattamento dei dati degli utenti sono disponibili nell&#8217;informativa sulla privacy di YouTube all&#8217;indirizzo: https:\/\/www.google.de\/intl\/de\/policies\/privacy.<\/p>\n<p>Cookies<\/p>\n<p>Il nostro sito web utilizza i cookie. Si tratta di piccoli file di testo che il browser Web memorizza sul dispositivo finale. I cookie ci aiutano a rendere il nostro sito web pi\u00f9 facile da usare, efficace e sicuro.<\/p>\n<p>Alcuni cookie sono &#8220;cookie di sessione&#8221;. Tali cookie vengono eliminati automaticamente al termine della sessione del browser. Altri cookie, invece, rimangono sul vostro terminale finch\u00e9 non li cancellate voi stessi. Tali cookie ci aiutano a riconoscervi quando tornate sul nostro sito web.<\/p>\n<p>Con un moderno browser web \u00e8 possibile monitorare, limitare o impedire l&#8217;impostazione dei cookie. Molti browser web possono essere configurati in modo da cancellare automaticamente i cookie alla chiusura del programma. La disattivazione dei cookie pu\u00f2 comportare una funzionalit\u00e0 limitata del nostro sito web.<\/p>\n<p>L&#8217;impostazione dei cookie, necessari per l&#8217;esercizio dei processi di comunicazione elettronica o per la fornitura di determinate funzioni desiderate dall&#8217;utente (ad esempio il carrello degli acquisti), avviene sulla base dell&#8217;Art. 6 Para. 1 lit. f DSGVO. In qualit\u00e0 di gestore di questo sito web, abbiamo un interesse legittimo a memorizzare i cookie per una fornitura tecnicamente priva di errori e senza intoppi dei nostri servizi. Se vengono impostati altri cookie (ad esempio per funzioni di analisi), questi vengono trattati separatamente nella presente dichiarazione sulla protezione dei dati.<\/p>\n<p>Google Analytics<\/p>\n<p>Il nostro sito web utilizza le funzioni del servizio di analisi web Google Analytics. Il fornitore del servizio di analisi web \u00e8 Google Inc, 1600 Amphitheatre Parkway, Mountain View, CA 94043, USA.<\/p>\n<p>Google Analytics utilizza i &#8220;cookie&#8221;. Si tratta di piccoli file di testo che il browser Web memorizza sul dispositivo finale e che consentono di analizzare l&#8217;utilizzo del sito Web. Le informazioni generate dai cookie sull&#8217;utilizzo del nostro sito web vengono trasmesse a un server di Google e l\u00ec memorizzate. Il server \u00e8 solitamente situato negli Stati Uniti.<\/p>\n<p>L&#8217;impostazione dei cookie di Google Analytics si basa sull&#8217;art. 6 par. 1 lit. f DSGVO. In qualit\u00e0 di gestore di questo sito web, abbiamo un interesse legittimo ad analizzare il comportamento degli utenti al fine di ottimizzare il nostro sito web ed eventualmente anche la nostra pubblicit\u00e0.<\/p>\n<p>Anonimizzazione dell&#8217;IP<\/p>\n<p>Utilizziamo Google Analytics con la funzione di anonimizzazione dell&#8217;IP. Garantisce che Google tronchi il vostro indirizzo IP all&#8217;interno degli Stati membri dell&#8217;Unione Europea o in altri Stati contraenti dell&#8217;Accordo sullo Spazio Economico Europeo prima di trasferirlo negli USA. In casi eccezionali, Google trasmette l&#8217;indirizzo IP completo a un server negli Stati Uniti, dove lo tronca. Per nostro conto, Google utilizzer\u00e0 queste informazioni allo scopo di valutare l&#8217;utilizzo del sito web da parte degli utenti, compilare report sulle attivit\u00e0 del sito web e fornire altri servizi relativi alle attivit\u00e0 del sito web e all&#8217;utilizzo di Internet. L&#8217;indirizzo IP trasmesso da Google Analytics non viene unito ad altri dati di Google.<\/p>\n<p>Browser Plugin<\/p>\n<p>\u00c8 possibile impedire l&#8217;impostazione dei cookie da parte del browser web. Tuttavia, alcune funzioni del nostro sito web potrebbero essere limitate di conseguenza. Potete anche impedire la raccolta dei dati relativi al vostro utilizzo del sito web, compreso il vostro indirizzo IP, e la successiva elaborazione da parte di Google. Ci\u00f2 \u00e8 possibile scaricando e installando il plug-in del browser accessibile al seguente link: https:\/\/tools.google.com\/dlpage\/gaoptout?hl=de.<\/p>\n<p>Obiezione alla raccolta dei dati<\/p>\n<p>Potete impedire la raccolta dei vostri dati da parte di Google Analytics cliccando sul seguente link. Verr\u00e0 impostato un cookie di opt-out che impedir\u00e0 la raccolta dei vostri dati durante le future visite al nostro sito web: Disattivare Google Analytics.<\/p>\n<p>I dettagli su come Google Analytics gestisce i dati degli utenti sono disponibili nell&#8217;informativa sulla privacy di Google: https:\/\/support.google.com\/analytics\/answer\/6004245?hl=de.<\/p>\n<p>Elaborazione del lavoro<\/p>\n<p>Al fine di soddisfare pienamente i requisiti legali di protezione dei dati, abbiamo stipulato un contratto di elaborazione degli ordini con Google.<\/p>\n<p>Caratteristiche demografiche in Google Analytics<\/p>\n<p>Il nostro sito web utilizza la funzione &#8220;caratteristiche demografiche&#8221; di Google Analytics. Pu\u00f2 essere utilizzato per creare rapporti contenenti dichiarazioni sull&#8217;et\u00e0, il sesso e gli interessi dei visitatori del sito. Questi dati provengono dalla pubblicit\u00e0 basata sugli interessi di Google e dai dati dei visitatori di fornitori terzi. Non \u00e8 possibile assegnare i dati a una persona specifica. \u00c8 possibile disattivare questa funzione in qualsiasi momento. Ci\u00f2 \u00e8 possibile tramite le impostazioni degli annunci del vostro account Google o vietando in generale la raccolta dei vostri dati da parte di Google Analytics, come spiegato al punto &#8220;Obiezione alla raccolta dei dati&#8221;.<\/p>\n<p>Google Web Fonts<\/p>\n<p>Il nostro sito web utilizza font web di Google. Il provider \u00e8 Google Inc., 1600 Amphitheatre Parkway, Mountain View, CA 94043, USA.<\/p>\n<p>L&#8217;uso di questi font web ci consente di presentarvi la presentazione del nostro sito web che desideriamo, indipendentemente dai font disponibili a livello locale. Ci\u00f2 avviene tramite il recupero dei Google Web Fonts da un server di Google negli USA e il relativo trasferimento dei vostri dati a Google. Si tratta del vostro indirizzo IP e di quali pagine avete visitato. L&#8217;utilizzo di Google Web Fonts si basa sull&#8217;art. 6 comma. 1 lit. f DSGVO. In qualit\u00e0 di gestore di questo sito web, abbiamo un interesse legittimo alla presentazione e alla trasmissione ottimale del nostro sito web.<\/p>\n<p>L&#8217;azienda Google \u00e8 certificata per l&#8217;accordo di protezione dei dati tra Stati Uniti ed Europa &#8220;Privacy Shield&#8221;. Il presente accordo sulla protezione dei dati mira a garantire il rispetto del livello di protezione dei dati applicabile nell&#8217;UE.<\/p>\n<p>I dettagli su Google Web Fonts sono disponibili all&#8217;indirizzo: https:\/\/www.google.com\/fonts#AboutPlace:about e ulteriori informazioni nell&#8217;informativa sulla privacy di Google: https:\/\/policies.google.com\/privacy\/partners?hl=de.<\/p>\n<p>Fonte: Configuratore di protezione dei dati da mein-datenschutzbeauftragter.de[\/et_pb_text][\/et_pb_column][\/et_pb_row][\/et_pb_section][et_pb_section fb_built=&#8221;1&#8243; _builder_version=&#8221;4.17.3&#8243; _module_preset=&#8221;default&#8221; global_colors_info=&#8221;{}&#8221; theme_builder_area=&#8221;post_content&#8221;][et_pb_row use_custom_gutter=&#8221;on&#8221; gutter_width=&#8221;2&#8243; make_equal=&#8221;on&#8221; custom_padding_last_edited=&#8221;on|phone&#8221; _builder_version=&#8221;4.17.3&#8243; _module_preset=&#8221;default&#8221; background_color=&#8221;#576766&#8243; width=&#8221;100%&#8221; width_tablet=&#8221;100%&#8221; width_phone=&#8221;80%&#8221; width_last_edited=&#8221;on|phone&#8221; max_width=&#8221;95%&#8221; custom_padding=&#8221;50px||50px||false|false&#8221; custom_padding_tablet=&#8221;50px||50px||false|false&#8221; custom_padding_phone=&#8221;50px||50px||false|false&#8221; border_radii=&#8221;on|20px|20px|20px|20px&#8221; global_colors_info=&#8221;{}&#8221; theme_builder_area=&#8221;post_content&#8221;][et_pb_column type=&#8221;4_4&#8243; _builder_version=&#8221;4.17.3&#8243; _module_preset=&#8221;default&#8221; custom_padding=&#8221;|20px||20px|false|true&#8221; global_colors_info=&#8221;{}&#8221; theme_builder_area=&#8221;post_content&#8221;][et_pb_text _builder_version=&#8221;4.17.3&#8243; _module_preset=&#8221;default&#8221; header_font=&#8221;Rubik|700|||||||&#8221; header_font_size=&#8221;56px&#8221; header_2_font=&#8221;Rubik|700|||||||&#8221; header_2_text_align=&#8221;center&#8221; header_2_text_color=&#8221;#000000&#8243; header_2_font_size=&#8221;30px&#8221; header_3_font=&#8221;Rubik|700|||||||&#8221; header_3_text_align=&#8221;center&#8221; header_3_text_color=&#8221;#FFFFFF&#8221; header_3_font_size=&#8221;30px&#8221; header_3_line_height=&#8221;1.3em&#8221; width=&#8221;50%&#8221; width_tablet=&#8221;50%&#8221; width_phone=&#8221;100%&#8221; width_last_edited=&#8221;on|phone&#8221; module_alignment=&#8221;center&#8221; custom_margin=&#8221;||||false|false&#8221; header_3_font_tablet=&#8221;Rubik|700|||||||&#8221; header_3_font_phone=&#8221;Rubik||||||||&#8221; header_3_font_last_edited=&#8221;on|phone&#8221; header_3_text_align_tablet=&#8221;center&#8221; header_3_text_align_phone=&#8221;center&#8221; header_3_text_align_last_edited=&#8221;on|desktop&#8221; header_3_font_size_tablet=&#8221;30px&#8221; header_3_font_size_phone=&#8221;20px&#8221; header_3_font_size_last_edited=&#8221;on|phone&#8221; header_3_line_height_tablet=&#8221;1.3em&#8221; header_3_line_height_phone=&#8221;1.3em&#8221; header_3_line_height_last_edited=&#8221;on|phone&#8221; global_colors_info=&#8221;{}&#8221; theme_builder_area=&#8221;post_content&#8221;]<\/p>\n<h3>Siamo riusciti ad accendere il tuo interesse e a convincerti?<\/h3>\n<p>[\/et_pb_text][et_pb_button button_url=&#8221;https:\/\/matratzenaufmass.ch\/kontakt\/&#8221; button_text=&#8221;Kontaktieren Sie uns&#8221; button_alignment=&#8221;center&#8221; disabled_on=&#8221;off|off|on&#8221; _builder_version=&#8221;4.17.6&#8243; _module_preset=&#8221;default&#8221; custom_button=&#8221;on&#8221; button_text_size=&#8221;16px&#8221; button_text_color=&#8221;#576766&#8243; button_bg_color=&#8221;#FFFFFF&#8221; button_border_width=&#8221;0px&#8221; button_border_radius=&#8221;15px&#8221; button_font=&#8221;Rubik||||||||&#8221; button_icon=&#8221;E||divi||400&#8243; custom_margin=&#8221;||20px||false|false&#8221; custom_padding=&#8221;10px||10px||true|false&#8221; custom_css_main_element=&#8221;width: 100%;||text-align: center;&#8221; global_colors_info=&#8221;{}&#8221; theme_builder_area=&#8221;post_content&#8221;][\/et_pb_button][\/et_pb_column][\/et_pb_row][et_pb_row column_structure=&#8221;3_4,1_4&#8243; use_custom_gutter=&#8221;on&#8221; gutter_width=&#8221;1&#8243; make_equal=&#8221;on&#8221; disabled_on=&#8221;on|on|off&#8221; module_class=&#8221;suchleiste3&#8243; _builder_version=&#8221;4.17.6&#8243; _module_preset=&#8221;default&#8221; background_color=&#8221;#FFFFFF&#8221; transform_translate_linked=&#8221;off&#8221; positioning=&#8221;absolute&#8221; position_origin_a=&#8221;bottom_center&#8221; vertical_offset=&#8221;22px&#8221; horizontal_offset=&#8221;64px&#8221; z_index=&#8221;59&#8243; width=&#8221;42%&#8221; max_width=&#8221;100%&#8221; custom_padding=&#8221;0px||0px||false|false&#8221; animation_style=&#8221;fade&#8221; animation_direction=&#8221;bottom&#8221; link_option_url=&#8221;https:\/\/matratzenaufmass.ch\/kontakt\/&#8221; custom_css_main_element=&#8221;align-items: center;&#8221; border_radii=&#8221;on|30px|30px|30px|30px&#8221; box_shadow_style=&#8221;preset1&#8243; box_shadow_color=&#8221;rgba(0,0,0,0.1)&#8221; global_colors_info=&#8221;{}&#8221; gutter_width__hover_enabled=&#8221;off|desktop&#8221; gutter_width__hover=&#8221;1&#8243; width__hover_enabled=&#8221;on|hover&#8221; width__hover=&#8221;45%&#8221; transform_styles__hover_enabled=&#8221;off|hover&#8221; transform_scale__hover_enabled=&#8221;off|hover&#8221; transform_translate__hover_enabled=&#8221;off|hover&#8221; transform_rotate__hover_enabled=&#8221;off|hover&#8221; transform_skew__hover_enabled=&#8221;off|hover&#8221; transform_origin__hover_enabled=&#8221;off|hover&#8221; theme_builder_area=&#8221;post_content&#8221;][et_pb_column type=&#8221;3_4&#8243; module_class=&#8221;suchleistespalte&#8221; _builder_version=&#8221;4.17.3&#8243; _module_preset=&#8221;default&#8221; background_color=&#8221;#FFFFFF&#8221; z_index=&#8221;201&#8243; custom_padding=&#8221;|||50px|false|false&#8221; global_colors_info=&#8221;{}&#8221; theme_builder_area=&#8221;post_content&#8221;][dsm_typing_effect typing_effect=&#8221;Kontaktieren Sie uns jetzt&#8221; typing_speed=&#8221;50ms&#8221; module_class=&#8221;suchleistetext&#8221; _builder_version=&#8221;4.17.3&#8243; _module_preset=&#8221;default&#8221; header_level=&#8221;h4&#8243; header_font=&#8221;Rubik||||||||&#8221; header_text_color=&#8221;#000000&#8243; header_font_size=&#8221;20px&#8221; custom_padding=&#8221;10px||||false|false&#8221; global_colors_info=&#8221;{}&#8221; theme_builder_area=&#8221;post_content&#8221;][\/dsm_typing_effect][\/et_pb_column][et_pb_column type=&#8221;1_4&#8243; _builder_version=&#8221;4.17.3&#8243; _module_preset=&#8221;default&#8221; background_color=&#8221;#618589&#8243; global_colors_info=&#8221;{}&#8221; theme_builder_area=&#8221;post_content&#8221;][et_pb_text _builder_version=&#8221;4.17.3&#8243; _module_preset=&#8221;default&#8221; text_font=&#8221;Rubik||||||||&#8221; text_text_color=&#8221;#FFFFFF&#8221; text_font_size=&#8221;25px&#8221; header_font=&#8221;Rubik|700|||||||&#8221; header_font_size=&#8221;56px&#8221; text_orientation=&#8221;center&#8221; custom_padding=&#8221;20px||20px||true|false&#8221; global_colors_info=&#8221;{}&#8221; theme_builder_area=&#8221;post_content&#8221;]<\/p>\n<p>Contatto<\/p>\n<p>[\/et_pb_text][\/et_pb_column][\/et_pb_row][\/et_pb_section]<\/p>\n","protected":false},"excerpt":{"rendered":"<p>Informativa sulla privacyContatto Auf-Mass GmbH Route sous le Clou 9 1788 Praz (Vully) Tel: 026 673 37 63 E-Mail: info@matratzenaufmass.ch Il responsabile del trattamento decide da solo o insieme ad altri le finalit\u00e0 e i mezzi del trattamento dei dati personali (ad esempio, nomi, dati di contatto o simili). Revoca del consenso al trattamento dei dati Alcune operazioni di trattamento dei dati sono possibili solo con il vostro esplicito consenso. La revoca del consenso gi\u00e0 prestato \u00e8 possibile in qualsiasi momento. Per la revoca \u00e8 sufficiente una comunicazione informale via e-mail. La legalit\u00e0 del trattamento dei dati effettuato fino alla revoca rimane inalterata dalla revoca stessa. Diritto di presentare un reclamo all&#8217;autorit\u00e0 di vigilanza competente In qualit\u00e0 di interessati, avete il diritto di ricorrere all&#8217;autorit\u00e0 di controllo competente in caso di violazione della protezione dei dati. L&#8217;autorit\u00e0 di controllo competente in materia di protezione dei dati \u00e8 il Commissario di Stato per la protezione dei dati dello Stato federale in cui si trova la sede legale della nostra azienda. Il seguente link fornisce un elenco dei responsabili della protezione dei dati e i loro dati di contatto: https:\/\/www.bfdi.bund.de\/DE\/Infothek\/Anschriften_Links\/anschriften_links-node.html. Diritto alla portabilit\u00e0 dei dati Avete il diritto di farvi consegnare i [&hellip;]<\/p>\n","protected":false},"author":1,"featured_media":0,"parent":0,"menu_order":0,"comment_status":"closed","ping_status":"closed","template":"","meta":{"_et_pb_use_builder":"on","_et_pb_old_content":"","_et_gb_content_width":"","footnotes":""},"class_list":["post-1001","page","type-page","status-publish","hentry"],"_links":{"self":[{"href":"https:\/\/matratzenaufmass.ch\/it\/wp-json\/wp\/v2\/pages\/1001","targetHints":{"allow":["GET"]}}],"collection":[{"href":"https:\/\/matratzenaufmass.ch\/it\/wp-json\/wp\/v2\/pages"}],"about":[{"href":"https:\/\/matratzenaufmass.ch\/it\/wp-json\/wp\/v2\/types\/page"}],"author":[{"embeddable":true,"href":"https:\/\/matratzenaufmass.ch\/it\/wp-json\/wp\/v2\/users\/1"}],"replies":[{"embeddable":true,"href":"https:\/\/matratzenaufmass.ch\/it\/wp-json\/wp\/v2\/comments?post=1001"}],"version-history":[{"count":0,"href":"https:\/\/matratzenaufmass.ch\/it\/wp-json\/wp\/v2\/pages\/1001\/revisions"}],"wp:attachment":[{"href":"https:\/\/matratzenaufmass.ch\/it\/wp-json\/wp\/v2\/media?parent=1001"}],"curies":[{"name":"wp","href":"https:\/\/api.w.org\/{rel}","templated":true}]}}